{"id":13246,"date":"2025-04-06T23:02:59","date_gmt":"2025-04-06T23:02:59","guid":{"rendered":"https:\/\/kananirezki.com\/?page_id=13246"},"modified":"2025-04-14T14:49:31","modified_gmt":"2025-04-14T14:49:31","slug":"dominique-gay","status":"publish","type":"page","link":"https:\/\/kananirezki.com\/en\/dominique-gay\/","title":{"rendered":"Dominique Gay"},"content":{"rendered":"<div data-elementor-type=\"wp-page\" data-elementor-id=\"13246\" class=\"elementor elementor-13246\" data-elementor-post-type=\"page\">\n\t\t\t\t\t\t<section class=\"elementor-section elementor-top-section elementor-element elementor-element-9d99f18 elementor-section-height-min-height elementor-section-items-stretch elementor-section-boxed elementor-section-height-default\" data-id=\"9d99f18\" data-element_type=\"section\">\n\t\t\t\t\t\t<div class=\"elementor-container elementor-column-gap-no\">\n\t\t\t\t\t<div class=\"elementor-column elementor-col-50 elementor-top-column elementor-element elementor-element-faf00c7\" data-id=\"faf00c7\" data-element_type=\"column\" data-settings=\"{&quot;background_background&quot;:&quot;slideshow&quot;,&quot;background_slideshow_gallery&quot;:[{&quot;id&quot;:13250,&quot;url&quot;:&quot;https:\\\/\\\/kananirezki.com\\\/wp-content\\\/uploads\\\/2025\\\/04\\\/SHO00697-scaled.jpg&quot;},{&quot;id&quot;:13249,&quot;url&quot;:&quot;https:\\\/\\\/kananirezki.com\\\/wp-content\\\/uploads\\\/2025\\\/04\\\/SHO00268-scaled.jpg&quot;},{&quot;id&quot;:13248,&quot;url&quot;:&quot;https:\\\/\\\/kananirezki.com\\\/wp-content\\\/uploads\\\/2025\\\/04\\\/SHO00166-scaled.jpg&quot;}],&quot;background_slideshow_loop&quot;:&quot;yes&quot;,&quot;background_slideshow_slide_duration&quot;:5000,&quot;background_slideshow_slide_transition&quot;:&quot;fade&quot;,&quot;background_slideshow_transition_duration&quot;:500}\">\n\t\t\t<div class=\"elementor-widget-wrap elementor-element-populated\">\n\t\t\t\t\t\t<div class=\"elementor-element elementor-element-5517443 elementor-widget elementor-widget-spacer\" data-id=\"5517443\" data-element_type=\"widget\" data-widget_type=\"spacer.default\">\n\t\t\t\t<div class=\"elementor-widget-container\">\n\t\t\t\t\t<div class=\"elementor-spacer\">\n\t\t\t<div class=\"elementor-spacer-inner\"><\/div>\n\t\t<\/div>\n\t\t\t\t<\/div>\n\t\t\t\t<\/div>\n\t\t\t\t\t<\/div>\n\t\t<\/div>\n\t\t\t\t<div class=\"elementor-column elementor-col-50 elementor-top-column elementor-element elementor-element-d8268cc\" data-id=\"d8268cc\" data-element_type=\"column\" data-settings=\"{&quot;background_background&quot;:&quot;classic&quot;}\">\n\t\t\t<div class=\"elementor-widget-wrap elementor-element-populated\">\n\t\t\t\t\t\t<div class=\"elementor-element elementor-element-9794c3c elementor-widget elementor-widget-heading\" data-id=\"9794c3c\" data-element_type=\"widget\" data-widget_type=\"heading.default\">\n\t\t\t\t<div class=\"elementor-widget-container\">\n\t\t\t<h3 class=\"elementor-heading-title elementor-size-default\">Dominique Gay<\/h3>\t\t<\/div>\n\t\t\t\t<\/div>\n\t\t\t\t<div class=\"elementor-element elementor-element-5db4b42 elementor-widget elementor-widget-spacer\" data-id=\"5db4b42\" data-element_type=\"widget\" data-widget_type=\"spacer.default\">\n\t\t\t\t<div class=\"elementor-widget-container\">\n\t\t\t\t\t<div class=\"elementor-spacer\">\n\t\t\t<div class=\"elementor-spacer-inner\"><\/div>\n\t\t<\/div>\n\t\t\t\t<\/div>\n\t\t\t\t<\/div>\n\t\t\t\t<div class=\"elementor-element elementor-element-a956a5b elementor-widget elementor-widget-heading\" data-id=\"a956a5b\" data-element_type=\"widget\" data-widget_type=\"heading.default\">\n\t\t\t\t<div class=\"elementor-widget-container\">\n\t\t\t<h2 class=\"elementor-heading-title elementor-size-default\">40 years experience at your service<\/h2>\t\t<\/div>\n\t\t\t\t<\/div>\n\t\t<div class=\"elementor-element elementor-element-dbd0337 e-con-full e-flex e-con e-parent\" data-id=\"dbd0337\" data-element_type=\"container\">\n\t\t\t\t<div class=\"elementor-element elementor-element-0ab93cc elementor-widget elementor-widget-button\" data-id=\"0ab93cc\" data-element_type=\"widget\" data-widget_type=\"button.default\">\n\t\t\t\t<div class=\"elementor-widget-container\">\n\t\t\t\t\t<div class=\"elementor-button-wrapper\">\n\t\t\t<a class=\"elementor-button elementor-button-link elementor-size-sm\" href=\"mailto:gay@kananirezki.com\">\n\t\t\t\t\t\t<span class=\"elementor-button-content-wrapper\">\n\t\t\t\t\t\t<span class=\"elementor-button-icon elementor-align-icon-left\">\n\t\t\t\t<svg aria-hidden=\"true\" class=\"e-font-icon-svg e-far-envelope\" viewbox=\"0 0 512 512\" xmlns=\"http:\/\/www.w3.org\/2000\/svg\"><path d=\"M464 64H48C21.49 64 0 85.49 0 112v288c0 26.51 21.49 48 48 48h416c26.51 0 48-21.49 48-48V112c0-26.51-21.49-48-48-48zm0 48v40.805c-22.422 18.259-58.168 46.651-134.587 106.49-16.841 13.247-50.201 45.072-73.413 44.701-23.208.375-56.579-31.459-73.413-44.701C106.18 199.465 70.425 171.067 48 152.805V112h416zM48 400V214.398c22.914 18.251 55.409 43.862 104.938 82.646 21.857 17.205 60.134 55.186 103.062 54.955 42.717.231 80.509-37.199 103.053-54.947 49.528-38.783 82.032-64.401 104.947-82.653V400H48z\"><\/path><\/svg>\t\t\t<\/span>\n\t\t\t\t\t\t\t\t\t<span class=\"elementor-button-text\">gay@kananirezki.com<\/span>\n\t\t\t\t\t<\/span>\n\t\t\t\t\t<\/a>\n\t\t<\/div>\n\t\t\t\t<\/div>\n\t\t\t\t<\/div>\n\t\t\t\t<div class=\"elementor-element elementor-element-c06c750 elementor-widget elementor-widget-button\" data-id=\"c06c750\" data-element_type=\"widget\" data-widget_type=\"button.default\">\n\t\t\t\t<div class=\"elementor-widget-container\">\n\t\t\t\t\t<div class=\"elementor-button-wrapper\">\n\t\t\t<a class=\"elementor-button elementor-button-link elementor-size-sm\" href=\"tel:+41225129292\">\n\t\t\t\t\t\t<span class=\"elementor-button-content-wrapper\">\n\t\t\t\t\t\t<span class=\"elementor-button-icon elementor-align-icon-left\">\n\t\t\t\t<svg aria-hidden=\"true\" class=\"e-font-icon-svg e-fas-phone-alt\" viewbox=\"0 0 512 512\" xmlns=\"http:\/\/www.w3.org\/2000\/svg\"><path d=\"M497.39 361.8l-112-48a24 24 0 0 0-28 6.9l-49.6 60.6A370.66 370.66 0 0 1 130.6 204.11l60.6-49.6a23.94 23.94 0 0 0 6.9-28l-48-112A24.16 24.16 0 0 0 122.6.61l-104 24A24 24 0 0 0 0 48c0 256.5 207.9 464 464 464a24 24 0 0 0 23.4-18.6l24-104a24.29 24.29 0 0 0-14.01-27.6z\"><\/path><\/svg>\t\t\t<\/span>\n\t\t\t\t\t\t\t\t\t<span class=\"elementor-button-text\">+41 22\u00a0512 92 92<\/span>\n\t\t\t\t\t<\/span>\n\t\t\t\t\t<\/a>\n\t\t<\/div>\n\t\t\t\t<\/div>\n\t\t\t\t<\/div>\n\t\t\t\t<\/div>\n\t\t\t\t<div class=\"elementor-element elementor-element-3e749a9 elementor-widget elementor-widget-text-editor\" data-id=\"3e749a9\" data-element_type=\"widget\" data-widget_type=\"text-editor.default\">\n\t\t\t\t<div class=\"elementor-widget-container\">\n\t\t\t\t\t\t\t<p style=\"caret-color: #000000; color: #000000;\">I am delighted to have joined Kanani &amp; Rezki Avocats so that you can benefit from my experience of more than 40 years as a tax lawyer in a reputable local law firm and, before that, with the Geneva Cantonal Tax Administration.<\/p><p style=\"caret-color: #000000; color: #000000;\">In the course of my career, I have specialised in real estate taxation (restructuring, sales, litigation) as well as gift and inheritance taxation, personal taxation and tax proceedings.<\/p><p style=\"caret-color: #000000; color: #000000;\">I have had many opportunities to assist international civil servants in litigation relating to their tax-exempt status. I also have extensive experience in the field of tax exemption for charitable institutions and the deduction of donations to them.<\/p><p style=\"caret-color: #000000; color: #000000;\">I can communicate with you in French and English<\/p><p style=\"caret-color: #000000; color: #000000;\">\u00a0<\/p><p style=\"caret-color: #000000; color: #000000;\">\u00a0<\/p><p style=\"caret-color: #000000; color: #000000;\">\u00a0<\/p><p style=\"caret-color: #000000; color: #000000;\">\u00a0<\/p><p style=\"caret-color: #000000; color: #000000;\">\u00a0<\/p><p style=\"caret-color: #000000; color: #000000;\">\u00a0<\/p><p style=\"caret-color: #000000; color: #000000;\">\u00a0<\/p><p style=\"caret-color: #000000; color: #000000;\">\u00a0<\/p><p style=\"caret-color: #000000; color: #000000;\">\u00a0<\/p>\t\t\t\t\t\t<\/div>\n\t\t\t\t<\/div>\n\t\t\t\t\t<\/div>\n\t\t<\/div>\n\t\t\t\t\t<\/div>\n\t\t<\/section>\n\t\t\t\t<\/div>","protected":false},"excerpt":{"rendered":"<p>Dominique Gay 40 ans d&rsquo;exp\u00e9rience \u00e0 votre service gay@kananirezki.com +41 22\u00a0512 92 92 Je me r\u00e9jouis d\u2019avoir rejoint aujourd\u2019hui l\u2019\u00e9tude Kanani et Rezki Avocats pour vous faire b\u00e9n\u00e9ficier de mon exp\u00e9rience de plus de 40 ans en tant qu\u2019avocate fiscaliste dans une \u00e9tude r\u00e9put\u00e9e de la place, et, auparavant, au sein de l\u2019Administration fiscale cantonale&hellip;<\/p>","protected":false},"author":1,"featured_media":0,"parent":0,"menu_order":0,"comment_status":"closed","ping_status":"closed","template":"","meta":{"footnotes":""},"aioseo_notices":[],"_links":{"self":[{"href":"https:\/\/kananirezki.com\/en\/wp-json\/wp\/v2\/pages\/13246"}],"collection":[{"href":"https:\/\/kananirezki.com\/en\/wp-json\/wp\/v2\/pages"}],"about":[{"href":"https:\/\/kananirezki.com\/en\/wp-json\/wp\/v2\/types\/page"}],"author":[{"embeddable":true,"href":"https:\/\/kananirezki.com\/en\/wp-json\/wp\/v2\/users\/1"}],"replies":[{"embeddable":true,"href":"https:\/\/kananirezki.com\/en\/wp-json\/wp\/v2\/comments?post=13246"}],"version-history":[{"count":16,"href":"https:\/\/kananirezki.com\/en\/wp-json\/wp\/v2\/pages\/13246\/revisions"}],"predecessor-version":[{"id":13389,"href":"https:\/\/kananirezki.com\/en\/wp-json\/wp\/v2\/pages\/13246\/revisions\/13389"}],"wp:attachment":[{"href":"https:\/\/kananirezki.com\/en\/wp-json\/wp\/v2\/media?parent=13246"}],"curies":[{"name":"wp","href":"https:\/\/api.w.org\/{rel}","templated":true}]}}