{"id":13417,"date":"2026-01-23T11:32:53","date_gmt":"2026-01-23T11:32:53","guid":{"rendered":"https:\/\/kananirezki.com\/?page_id=13417"},"modified":"2026-02-11T16:44:44","modified_gmt":"2026-02-11T16:44:44","slug":"amire-thaqi","status":"publish","type":"page","link":"https:\/\/kananirezki.com\/en\/amire-thaqi\/","title":{"rendered":"Amire Thaqi"},"content":{"rendered":"<div data-elementor-type=\"wp-page\" data-elementor-id=\"13417\" class=\"elementor elementor-13417\" data-elementor-post-type=\"page\">\n\t\t\t\t\t\t<section class=\"elementor-section elementor-top-section elementor-element elementor-element-9d99f18 elementor-section-height-min-height elementor-section-items-stretch elementor-section-boxed elementor-section-height-default\" data-id=\"9d99f18\" data-element_type=\"section\">\n\t\t\t\t\t\t<div class=\"elementor-container elementor-column-gap-no\">\n\t\t\t\t\t<div class=\"elementor-column elementor-col-50 elementor-top-column elementor-element elementor-element-faf00c7\" data-id=\"faf00c7\" data-element_type=\"column\" data-settings=\"{&quot;background_background&quot;:&quot;slideshow&quot;,&quot;background_slideshow_gallery&quot;:[{&quot;id&quot;:13483,&quot;url&quot;:&quot;https:\\\/\\\/kananirezki.com\\\/wp-content\\\/uploads\\\/2026\\\/02\\\/WhatsApp-Image-2026-02-05-at-08.26.54.jpeg&quot;},{&quot;id&quot;:13482,&quot;url&quot;:&quot;https:\\\/\\\/kananirezki.com\\\/wp-content\\\/uploads\\\/2026\\\/02\\\/1WhatsApp-Image-2026-02-05-at-08.26.54.jpeg&quot;}],&quot;background_slideshow_loop&quot;:&quot;yes&quot;,&quot;background_slideshow_slide_duration&quot;:5000,&quot;background_slideshow_slide_transition&quot;:&quot;fade&quot;,&quot;background_slideshow_transition_duration&quot;:500}\">\n\t\t\t<div class=\"elementor-widget-wrap elementor-element-populated\">\n\t\t\t\t\t\t<div class=\"elementor-element elementor-element-5517443 elementor-widget elementor-widget-spacer\" data-id=\"5517443\" data-element_type=\"widget\" data-widget_type=\"spacer.default\">\n\t\t\t\t<div class=\"elementor-widget-container\">\n\t\t\t\t\t<div class=\"elementor-spacer\">\n\t\t\t<div class=\"elementor-spacer-inner\"><\/div>\n\t\t<\/div>\n\t\t\t\t<\/div>\n\t\t\t\t<\/div>\n\t\t\t\t\t<\/div>\n\t\t<\/div>\n\t\t\t\t<div class=\"elementor-column elementor-col-50 elementor-top-column elementor-element elementor-element-d8268cc\" data-id=\"d8268cc\" data-element_type=\"column\" data-settings=\"{&quot;background_background&quot;:&quot;classic&quot;}\">\n\t\t\t<div class=\"elementor-widget-wrap elementor-element-populated\">\n\t\t\t\t\t\t<div class=\"elementor-element elementor-element-9794c3c elementor-widget elementor-widget-heading\" data-id=\"9794c3c\" data-element_type=\"widget\" data-widget_type=\"heading.default\">\n\t\t\t\t<div class=\"elementor-widget-container\">\n\t\t\t<h3 class=\"elementor-heading-title elementor-size-default\">Amire Thaqi<\/h3>\t\t<\/div>\n\t\t\t\t<\/div>\n\t\t\t\t<div class=\"elementor-element elementor-element-5db4b42 elementor-widget elementor-widget-spacer\" data-id=\"5db4b42\" data-element_type=\"widget\" data-widget_type=\"spacer.default\">\n\t\t\t\t<div class=\"elementor-widget-container\">\n\t\t\t\t\t<div class=\"elementor-spacer\">\n\t\t\t<div class=\"elementor-spacer-inner\"><\/div>\n\t\t<\/div>\n\t\t\t\t<\/div>\n\t\t\t\t<\/div>\n\t\t\t\t<div class=\"elementor-element elementor-element-a956a5b elementor-widget elementor-widget-heading\" data-id=\"a956a5b\" data-element_type=\"widget\" data-widget_type=\"heading.default\">\n\t\t\t\t<div class=\"elementor-widget-container\">\n\t\t\t<h2 class=\"elementor-heading-title elementor-size-default\">By your side, from advice to implementation <\/h2>\t\t<\/div>\n\t\t\t\t<\/div>\n\t\t<div class=\"elementor-element elementor-element-dbd0337 e-con-full e-flex e-con e-parent\" data-id=\"dbd0337\" data-element_type=\"container\">\n\t\t\t\t<div class=\"elementor-element elementor-element-0ab93cc elementor-widget elementor-widget-button\" data-id=\"0ab93cc\" data-element_type=\"widget\" data-widget_type=\"button.default\">\n\t\t\t\t<div class=\"elementor-widget-container\">\n\t\t\t\t\t<div class=\"elementor-button-wrapper\">\n\t\t\t<a class=\"elementor-button elementor-button-link elementor-size-sm\" href=\"mailto:thaqi@kananirezki.com\">\n\t\t\t\t\t\t<span class=\"elementor-button-content-wrapper\">\n\t\t\t\t\t\t<span class=\"elementor-button-icon elementor-align-icon-left\">\n\t\t\t\t<svg aria-hidden=\"true\" class=\"e-font-icon-svg e-far-envelope\" viewbox=\"0 0 512 512\" xmlns=\"http:\/\/www.w3.org\/2000\/svg\"><path d=\"M464 64H48C21.49 64 0 85.49 0 112v288c0 26.51 21.49 48 48 48h416c26.51 0 48-21.49 48-48V112c0-26.51-21.49-48-48-48zm0 48v40.805c-22.422 18.259-58.168 46.651-134.587 106.49-16.841 13.247-50.201 45.072-73.413 44.701-23.208.375-56.579-31.459-73.413-44.701C106.18 199.465 70.425 171.067 48 152.805V112h416zM48 400V214.398c22.914 18.251 55.409 43.862 104.938 82.646 21.857 17.205 60.134 55.186 103.062 54.955 42.717.231 80.509-37.199 103.053-54.947 49.528-38.783 82.032-64.401 104.947-82.653V400H48z\"><\/path><\/svg>\t\t\t<\/span>\n\t\t\t\t\t\t\t\t\t<span class=\"elementor-button-text\">thaqi@kananirezki.com<\/span>\n\t\t\t\t\t<\/span>\n\t\t\t\t\t<\/a>\n\t\t<\/div>\n\t\t\t\t<\/div>\n\t\t\t\t<\/div>\n\t\t\t\t<div class=\"elementor-element elementor-element-c06c750 elementor-widget elementor-widget-button\" data-id=\"c06c750\" data-element_type=\"widget\" data-widget_type=\"button.default\">\n\t\t\t\t<div class=\"elementor-widget-container\">\n\t\t\t\t\t<div class=\"elementor-button-wrapper\">\n\t\t\t<a class=\"elementor-button elementor-button-link elementor-size-sm\" href=\"tel:+41225129292\">\n\t\t\t\t\t\t<span class=\"elementor-button-content-wrapper\">\n\t\t\t\t\t\t<span class=\"elementor-button-icon elementor-align-icon-left\">\n\t\t\t\t<svg aria-hidden=\"true\" class=\"e-font-icon-svg e-fas-phone-alt\" viewbox=\"0 0 512 512\" xmlns=\"http:\/\/www.w3.org\/2000\/svg\"><path d=\"M497.39 361.8l-112-48a24 24 0 0 0-28 6.9l-49.6 60.6A370.66 370.66 0 0 1 130.6 204.11l60.6-49.6a23.94 23.94 0 0 0 6.9-28l-48-112A24.16 24.16 0 0 0 122.6.61l-104 24A24 24 0 0 0 0 48c0 256.5 207.9 464 464 464a24 24 0 0 0 23.4-18.6l24-104a24.29 24.29 0 0 0-14.01-27.6z\"><\/path><\/svg>\t\t\t<\/span>\n\t\t\t\t\t\t\t\t\t<span class=\"elementor-button-text\">+41 22\u00a0512 92 92<\/span>\n\t\t\t\t\t<\/span>\n\t\t\t\t\t<\/a>\n\t\t<\/div>\n\t\t\t\t<\/div>\n\t\t\t\t<\/div>\n\t\t\t\t<\/div>\n\t\t\t\t<div class=\"elementor-element elementor-element-3e749a9 elementor-widget elementor-widget-text-editor\" data-id=\"3e749a9\" data-element_type=\"widget\" data-widget_type=\"text-editor.default\">\n\t\t\t\t<div class=\"elementor-widget-container\">\n\t\t\t\t\t\t\t<p><span style=\"color: #000000;\">As a dedicated legal advisor, I bring rigor and expertise to help bring your legal projects to life.<\/span><\/p><p>\u00a0<\/p><p><span style=\"color: #000000;\">Specializing in corporate law, I assist both individuals and businesses in all their legal and administrative procedures with tax and administrative authorities. In particular, I assist with  the establishment of legal structures, offering tailored solutions that comply with current regulatory requirements.<\/span><\/p><p>\u00a0<\/p><p><span style=\"color: #000000;\">As an Office Manager, I oversee the daily organization of the firm and ensure meticulous management of cases, providing efficient and responsive support to our clients, partners, and team members.<\/span><\/p><p>\u00a0<\/p><p><span style=\"color: #000000;\">I hold  a Master of Law from the University of Geneva and have developed strong expertise in commercial and contract law within renowned firms in French-speaking Switzerland, where I handled complex cases of national and international scope.<\/span><\/p><p>\u00a0<\/p><p><span style=\"color: #000000;\">I am also pursuing further specialized training in corporate taxation to further enhance my expertise in this ever-evolving field.<\/span><\/p><p>\u00a0<\/p><p><span style=\"color: #000000;\">I work in French, English, Albanian, and Spanish.<\/span><\/p>\t\t\t\t\t\t<\/div>\n\t\t\t\t<\/div>\n\t\t\t\t\t<\/div>\n\t\t<\/div>\n\t\t\t\t\t<\/div>\n\t\t<\/section>\n\t\t\t\t<\/div>","protected":false},"excerpt":{"rendered":"<p>Amire Thaqi \u00c0 vos c\u00f4t\u00e9s, du conseil \u00e0 sa concr\u00e9tisation thaqi@kananirezki.com +41 22\u00a0512 92 92 Juriste d\u00e9vou\u00e9e, je mobilise rigueur et expertise pour donner vie \u00e0 vos projets juridiques. \u00a0 Sp\u00e9cialis\u00e9e en droit des soci\u00e9t\u00e9s, j\u2019accompagne particuliers et entreprises dans l\u2019ensemble de leurs d\u00e9marches juridiques et administratives aupr\u00e8s des autorit\u00e9s fiscales et des instances administratives.&hellip;<\/p>","protected":false},"author":1,"featured_media":0,"parent":0,"menu_order":0,"comment_status":"closed","ping_status":"closed","template":"","meta":{"footnotes":""},"aioseo_notices":[],"_links":{"self":[{"href":"https:\/\/kananirezki.com\/en\/wp-json\/wp\/v2\/pages\/13417"}],"collection":[{"href":"https:\/\/kananirezki.com\/en\/wp-json\/wp\/v2\/pages"}],"about":[{"href":"https:\/\/kananirezki.com\/en\/wp-json\/wp\/v2\/types\/page"}],"author":[{"embeddable":true,"href":"https:\/\/kananirezki.com\/en\/wp-json\/wp\/v2\/users\/1"}],"replies":[{"embeddable":true,"href":"https:\/\/kananirezki.com\/en\/wp-json\/wp\/v2\/comments?post=13417"}],"version-history":[{"count":13,"href":"https:\/\/kananirezki.com\/en\/wp-json\/wp\/v2\/pages\/13417\/revisions"}],"predecessor-version":[{"id":13492,"href":"https:\/\/kananirezki.com\/en\/wp-json\/wp\/v2\/pages\/13417\/revisions\/13492"}],"wp:attachment":[{"href":"https:\/\/kananirezki.com\/en\/wp-json\/wp\/v2\/media?parent=13417"}],"curies":[{"name":"wp","href":"https:\/\/api.w.org\/{rel}","templated":true}]}}