{"id":17,"date":"2020-03-11T11:00:41","date_gmt":"2020-03-11T11:00:41","guid":{"rendered":"https:\/\/the7.io\/elementor-minimal-creative-light\/?page_id=17"},"modified":"2025-04-14T13:35:04","modified_gmt":"2025-04-14T13:35:04","slug":"contact","status":"publish","type":"page","link":"https:\/\/kananirezki.com\/en\/contact\/","title":{"rendered":"Contact"},"content":{"rendered":"<div data-elementor-type=\"wp-page\" data-elementor-id=\"17\" class=\"elementor elementor-17\" data-elementor-post-type=\"page\">\n\t\t\t\t\t\t<section class=\"elementor-section elementor-top-section elementor-element elementor-element-20695a2 elementor-section-boxed elementor-section-height-default elementor-section-height-default\" data-id=\"20695a2\" data-element_type=\"section\">\n\t\t\t\t\t\t<div class=\"elementor-container elementor-column-gap-wider\">\n\t\t\t\t\t<div class=\"elementor-column elementor-col-100 elementor-top-column elementor-element elementor-element-2ac00bd\" data-id=\"2ac00bd\" data-element_type=\"column\">\n\t\t\t<div class=\"elementor-widget-wrap elementor-element-populated\">\n\t\t\t\t\t\t<div class=\"elementor-element elementor-element-4fda108 elementor-widget elementor-widget-heading\" data-id=\"4fda108\" data-element_type=\"widget\" data-widget_type=\"heading.default\">\n\t\t\t\t<div class=\"elementor-widget-container\">\n\t\t\t<h1 class=\"elementor-heading-title elementor-size-default\">Contact<\/h1>\t\t<\/div>\n\t\t\t\t<\/div>\n\t\t\t\t\t<\/div>\n\t\t<\/div>\n\t\t\t\t\t<\/div>\n\t\t<\/section>\n\t\t\t\t<section class=\"elementor-section elementor-top-section elementor-element elementor-element-3505e2b elementor-section-boxed elementor-section-height-default elementor-section-height-default\" data-id=\"3505e2b\" data-element_type=\"section\">\n\t\t\t\t\t\t<div class=\"elementor-container elementor-column-gap-wider\">\n\t\t\t\t\t<div class=\"elementor-column elementor-col-50 elementor-top-column elementor-element elementor-element-4431267\" data-id=\"4431267\" data-element_type=\"column\">\n\t\t\t<div class=\"elementor-widget-wrap elementor-element-populated\">\n\t\t\t\t\t\t<div class=\"elementor-element elementor-element-a4b77ed icon-position-top content-align-left icon-box-vertical-align-top icon-vertical-align-start elementor-widget elementor-widget-the7_icon_box_widget\" data-id=\"a4b77ed\" data-element_type=\"widget\" data-widget_type=\"the7_icon_box_widget.default\">\n\t\t\t\t<div class=\"elementor-widget-container\">\n\t\t\t\n\t\t<div class=\"the7-box-wrapper the7-elementor-widget the7_icon_box_widget-a4b77ed\">\t\t\t<div class=\"box-content-wrapper\">\n\t\t\t\t\t\t\t\t<div class=\"box-content\">\n\t\t\t\t\t\t\t\t\t\t\t\t\t\t\t\t\t<h4 class=\"box-heading\">\n\t\t\t\t\t\t\t<a >\t\t\t\t\t\t\t\tAddress\t\t\t\t\t\t\t<\/a>\t\t\t\t\t\t<\/h4>\n\t\t\t\t\t\t\t\t\t\t\n\t\t\t\t\t\n\t\t\t\t<\/div>\n\t\t\t<\/div>\n\t\t<\/div>\t\t\t<\/div>\n\t\t\t\t<\/div>\n\t\t\t\t<div class=\"elementor-element elementor-element-53d3f6b elementor-widget elementor-widget-spacer\" data-id=\"53d3f6b\" data-element_type=\"widget\" data-widget_type=\"spacer.default\">\n\t\t\t\t<div class=\"elementor-widget-container\">\n\t\t\t\t\t<div class=\"elementor-spacer\">\n\t\t\t<div class=\"elementor-spacer-inner\"><\/div>\n\t\t<\/div>\n\t\t\t\t<\/div>\n\t\t\t\t<\/div>\n\t\t\t\t<div class=\"elementor-element elementor-element-6982ac3 elementor-widget elementor-widget-google_maps\" data-id=\"6982ac3\" data-element_type=\"widget\" data-widget_type=\"google_maps.default\">\n\t\t\t\t<div class=\"elementor-widget-container\">\n\t\t\t\t\t<div class=\"elementor-custom-embed\">\n\t\t\t<iframe loading=\"lazy\"\n\t\t\t\t\tsrc=\"https:\/\/maps.google.com\/maps?q=Route%20de%20Frontenex%2046%20%201207%20Gen%C3%A8ve&#038;t=m&#038;z=11&#038;output=embed&#038;iwloc=near\"\n\t\t\t\t\ttitle=\"Route de Frontenex 46 1207 Geneva\"\n\t\t\t\t\taria-label=\"Route de Frontenex 46 1207 Geneva\"\n\t\t\t><\/iframe>\n\t\t<\/div>\n\t\t\t\t<\/div>\n\t\t\t\t<\/div>\n\t\t\t\t<div class=\"elementor-element elementor-element-19b15ca elementor-widget elementor-widget-text-editor\" data-id=\"19b15ca\" data-element_type=\"widget\" data-widget_type=\"text-editor.default\">\n\t\t\t\t<div class=\"elementor-widget-container\">\n\t\t\t\t\t\t\t<p>Frontenex Road 46<\/p><p>1207 Geneva<\/p>\t\t\t\t\t\t<\/div>\n\t\t\t\t<\/div>\n\t\t\t\t<div class=\"elementor-element elementor-element-af00938 elementor-widget elementor-widget-spacer\" data-id=\"af00938\" data-element_type=\"widget\" data-widget_type=\"spacer.default\">\n\t\t\t\t<div class=\"elementor-widget-container\">\n\t\t\t\t\t<div class=\"elementor-spacer\">\n\t\t\t<div class=\"elementor-spacer-inner\"><\/div>\n\t\t<\/div>\n\t\t\t\t<\/div>\n\t\t\t\t<\/div>\n\t\t\t\t<div class=\"elementor-element elementor-element-e6d95e9 elementor-widget elementor-widget-the7_button_widget\" data-id=\"e6d95e9\" data-element_type=\"widget\" data-widget_type=\"the7_button_widget.default\">\n\t\t\t\t<div class=\"elementor-widget-container\">\n\t\t\t<div class=\"elementor-button-wrapper\"><a href=\"https:\/\/maps.app.goo.gl\/uP1LWM9XMX4jrVjG6\" class=\"box-button elementor-button elementor-size-sm\">Google Maps<\/a><\/div>\t\t<\/div>\n\t\t\t\t<\/div>\n\t\t\t\t<div class=\"elementor-element elementor-element-8a3d377 icon-position-top content-align-left icon-box-vertical-align-top icon-vertical-align-start elementor-widget elementor-widget-the7_icon_box_widget\" data-id=\"8a3d377\" data-element_type=\"widget\" data-widget_type=\"the7_icon_box_widget.default\">\n\t\t\t\t<div class=\"elementor-widget-container\">\n\t\t\t\n\t\t<div class=\"the7-box-wrapper the7-elementor-widget the7_icon_box_widget-8a3d377\">\t\t\t<div class=\"box-content-wrapper\">\n\t\t\t\t\t\t\t\t\t<a class=\"elementor-icon-div\" >\t\t\t\t\t\t<div class=\"elementor-icon\">\n\t\t\t\t\t\t\t<svg aria-hidden=\"true\" class=\"e-font-icon-svg e-fas-train\" viewbox=\"0 0 448 512\" xmlns=\"http:\/\/www.w3.org\/2000\/svg\"><path d=\"M448 96v256c0 51.815-61.624 96-130.022 96l62.98 49.721C386.905 502.417 383.562 512 376 512H72c-7.578 0-10.892-9.594-4.957-14.279L130.022 448C61.82 448 0 403.954 0 352V96C0 42.981 64 0 128 0h192c65 0 128 42.981 128 96zm-48 136V120c0-13.255-10.745-24-24-24H72c-13.255 0-24 10.745-24 24v112c0 13.255 10.745 24 24 24h304c13.255 0 24-10.745 24-24zm-176 64c-30.928 0-56 25.072-56 56s25.072 56 56 56 56-25.072 56-56-25.072-56-56-56z\"><\/path><\/svg>\t\t\t\t\t\t<\/div>\n\t\t\t\t\t<\/a>\t\t\t\t\t\t\t\t<div class=\"box-content\">\n\t\t\t\t\t\t\t\t\t\t\t\t\t\t\t\t\t<h4 class=\"box-heading\">\n\t\t\t\t\t\t\t<a >\t\t\t\t\t\t\t\tAccess\t\t\t\t\t\t\t<\/a>\t\t\t\t\t\t<\/h4>\n\t\t\t\t\t\t\t\t\t\t\n\t\t\t\t\t\n\t\t\t\t<\/div>\n\t\t\t<\/div>\n\t\t<\/div>\t\t\t<\/div>\n\t\t\t\t<\/div>\n\t\t\t\t<div class=\"elementor-element elementor-element-2603aa4 elementor-widget elementor-widget-text-editor\" data-id=\"2603aa4\" data-element_type=\"widget\" data-widget_type=\"text-editor.default\">\n\t\t\t\t<div class=\"elementor-widget-container\">\n\t\t\t\t\t\t\t<ul><li>Coop-Gen\u00e8ve Eaux-Vives 2000 car park<\/li><li>Villereuse car park<br \/>Carrefour de Villereuse 2<\/li><li>By public transport:<br \/>\u2013 Eaux-Vives main station <br \/>\u2013 \u2060Villereuse station \u2013 tram 12 and 17<br \/>\u2013 \u2060\"31-December\" station - bus 1, 9, 33, A<\/li><\/ul>\t\t\t\t\t\t<\/div>\n\t\t\t\t<\/div>\n\t\t\t\t\t<\/div>\n\t\t<\/div>\n\t\t\t\t<div class=\"elementor-column elementor-col-50 elementor-top-column elementor-element elementor-element-0f78b0c\" data-id=\"0f78b0c\" data-element_type=\"column\" data-settings=\"{&quot;background_background&quot;:&quot;classic&quot;}\">\n\t\t\t<div class=\"elementor-widget-wrap elementor-element-populated\">\n\t\t\t\t\t\t<div class=\"elementor-element elementor-element-d56e452 content-align-center icon-position-top icon-vertical-align-center icon-box-vertical-align-top elementor-widget elementor-widget-the7_icon_box_widget\" data-id=\"d56e452\" data-element_type=\"widget\" data-widget_type=\"the7_icon_box_widget.default\">\n\t\t\t\t<div class=\"elementor-widget-container\">\n\t\t\t\n\t\t<div class=\"the7-box-wrapper the7-elementor-widget the7_icon_box_widget-d56e452\">\t\t\t<div class=\"box-content-wrapper\">\n\t\t\t\t\t\t\t\t<div class=\"box-content\">\n\t\t\t\t\t\t\t\t\t\t\t\t\t\t\t\t\t<h4 class=\"box-heading\">\n\t\t\t\t\t\t\t<a href=\"tel:+41225129292\">\t\t\t\t\t\t\t\t+41 22\u00a0512 92 92\t\t\t\t\t\t\t<\/a>\t\t\t\t\t\t<\/h4>\n\t\t\t\t\t\t\t\t\t\t\n\t\t\t\t\t\n\t\t\t\t<\/div>\n\t\t\t<\/div>\n\t\t<\/div>\t\t\t<\/div>\n\t\t\t\t<\/div>\n\t\t\t\t<div class=\"elementor-element elementor-element-6f5d610 content-align-center icon-position-top icon-vertical-align-center icon-box-vertical-align-top elementor-widget elementor-widget-the7_icon_box_widget\" data-id=\"6f5d610\" data-element_type=\"widget\" data-widget_type=\"the7_icon_box_widget.default\">\n\t\t\t\t<div class=\"elementor-widget-container\">\n\t\t\t\n\t\t<div class=\"the7-box-wrapper the7-elementor-widget the7_icon_box_widget-6f5d610\">\t\t\t<div class=\"box-content-wrapper\">\n\t\t\t\t\t\t\t\t<div class=\"box-content\">\n\t\t\t\t\t\t\t\t\t\t\t\t\t\t\t\t\t<h4 class=\"box-heading\">\n\t\t\t\t\t\t\t<a href=\"mailto:kanani@kananirezki.com\">\t\t\t\t\t\t\t\tAli Kanani : kanani@kananirezki.com\t\t\t\t\t\t\t<\/a>\t\t\t\t\t\t<\/h4>\n\t\t\t\t\t\t\t\t\t\t\n\t\t\t\t\t\n\t\t\t\t<\/div>\n\t\t\t<\/div>\n\t\t<\/div>\t\t\t<\/div>\n\t\t\t\t<\/div>\n\t\t\t\t<div class=\"elementor-element elementor-element-9b7ae40 content-align-center icon-position-top icon-vertical-align-center icon-box-vertical-align-top elementor-widget elementor-widget-the7_icon_box_widget\" data-id=\"9b7ae40\" data-element_type=\"widget\" data-widget_type=\"the7_icon_box_widget.default\">\n\t\t\t\t<div class=\"elementor-widget-container\">\n\t\t\t\n\t\t<div class=\"the7-box-wrapper the7-elementor-widget the7_icon_box_widget-9b7ae40\">\t\t\t<div class=\"box-content-wrapper\">\n\t\t\t\t\t\t\t\t<div class=\"box-content\">\n\t\t\t\t\t\t\t\t\t\t\t\t\t\t\t\t\t<h4 class=\"box-heading\">\n\t\t\t\t\t\t\t<a href=\"mailto:rezki@kananirezki.com\">\t\t\t\t\t\t\t\tYacine Rezki : rezki@kananirezki.com\t\t\t\t\t\t\t<\/a>\t\t\t\t\t\t<\/h4>\n\t\t\t\t\t\t\t\t\t\t\n\t\t\t\t\t\n\t\t\t\t<\/div>\n\t\t\t<\/div>\n\t\t<\/div>\t\t\t<\/div>\n\t\t\t\t<\/div>\n\t\t\t\t<div class=\"elementor-element elementor-element-d1d6ed4 content-align-center icon-position-top icon-vertical-align-center icon-box-vertical-align-top elementor-widget elementor-widget-the7_icon_box_widget\" data-id=\"d1d6ed4\" data-element_type=\"widget\" data-widget_type=\"the7_icon_box_widget.default\">\n\t\t\t\t<div class=\"elementor-widget-container\">\n\t\t\t\n\t\t<div class=\"the7-box-wrapper the7-elementor-widget the7_icon_box_widget-d1d6ed4\">\t\t\t<div class=\"box-content-wrapper\">\n\t\t\t\t\t\t\t\t<div class=\"box-content\">\n\t\t\t\t\t\t\t\t\t\t\t\t\t\t\t\t\t<h4 class=\"box-heading\">\n\t\t\t\t\t\t\t<a href=\"mailto:gay@kananirezki.com\">\t\t\t\t\t\t\t\tDominique Gay : gay@kananirezki.com\t\t\t\t\t\t\t<\/a>\t\t\t\t\t\t<\/h4>\n\t\t\t\t\t\t\t\t\t\t\n\t\t\t\t\t\n\t\t\t\t<\/div>\n\t\t\t<\/div>\n\t\t<\/div>\t\t\t<\/div>\n\t\t\t\t<\/div>\n\t\t\t\t<div class=\"elementor-element elementor-element-6842b86 content-align-center icon-position-top icon-vertical-align-center icon-box-vertical-align-top elementor-widget elementor-widget-the7_icon_box_widget\" data-id=\"6842b86\" data-element_type=\"widget\" data-widget_type=\"the7_icon_box_widget.default\">\n\t\t\t\t<div class=\"elementor-widget-container\">\n\t\t\t\n\t\t<div class=\"the7-box-wrapper the7-elementor-widget the7_icon_box_widget-6842b86\">\t\t\t<div class=\"box-content-wrapper\">\n\t\t\t\t\t\t\t\t<div class=\"box-content\">\n\t\t\t\t\t\t\t\t\t\t\t\t\t\t\t\t\t<h4 class=\"box-heading\">\n\t\t\t\t\t\t\t<a href=\"mailto:paralegal@kananirezki.com\">\t\t\t\t\t\t\t\tParalegal : paralegal@kananirezki.com\t\t\t\t\t\t\t<\/a>\t\t\t\t\t\t<\/h4>\n\t\t\t\t\t\t\t\t\t\t\n\t\t\t\t\t\n\t\t\t\t<\/div>\n\t\t\t<\/div>\n\t\t<\/div>\t\t\t<\/div>\n\t\t\t\t<\/div>\n\t\t\t\t\t<\/div>\n\t\t<\/div>\n\t\t\t\t\t<\/div>\n\t\t<\/section>\n\t\t\t\t<\/div>","protected":false},"excerpt":{"rendered":"<p>Contact Adresse Route de Frontenex 46 1207 Gen\u00e8ve Google Maps Acc\u00e8s Parking Coop-Gen\u00e8ve Eaux-Vives 2000 Parking de VillereuseCarrefour de Villereuse\u00a02 Par transports publics :&#8211; station Gare des Eaux-Vives &#8211; \u2060arr\u00eat Villereuse &#8211; tram 12 et 17&#8211; \u2060arr\u00eat 31-D\u00e9cembre bus 1, 9, 33, A +41 22\u00a0512 92 92 Ali Kanani : kanani@kananirezki.com Yacine Rezki : rezki@kananirezki.com&hellip;<\/p>","protected":false},"author":1,"featured_media":0,"parent":0,"menu_order":90,"comment_status":"closed","ping_status":"closed","template":"","meta":{"footnotes":""},"aioseo_notices":[],"_links":{"self":[{"href":"https:\/\/kananirezki.com\/en\/wp-json\/wp\/v2\/pages\/17"}],"collection":[{"href":"https:\/\/kananirezki.com\/en\/wp-json\/wp\/v2\/pages"}],"about":[{"href":"https:\/\/kananirezki.com\/en\/wp-json\/wp\/v2\/types\/page"}],"author":[{"embeddable":true,"href":"https:\/\/kananirezki.com\/en\/wp-json\/wp\/v2\/users\/1"}],"replies":[{"embeddable":true,"href":"https:\/\/kananirezki.com\/en\/wp-json\/wp\/v2\/comments?post=17"}],"version-history":[{"count":38,"href":"https:\/\/kananirezki.com\/en\/wp-json\/wp\/v2\/pages\/17\/revisions"}],"predecessor-version":[{"id":13349,"href":"https:\/\/kananirezki.com\/en\/wp-json\/wp\/v2\/pages\/17\/revisions\/13349"}],"wp:attachment":[{"href":"https:\/\/kananirezki.com\/en\/wp-json\/wp\/v2\/media?parent=17"}],"curies":[{"name":"wp","href":"https:\/\/api.w.org\/{rel}","templated":true}]}}